{"id":728,"date":"2024-02-15T16:33:38","date_gmt":"2024-02-15T16:33:38","guid":{"rendered":"https:\/\/stanahuja.tasnadi.group\/?page_id=728"},"modified":"2025-11-10T16:31:20","modified_gmt":"2025-11-10T15:31:20","slug":"giftcard","status":"publish","type":"page","link":"http:\/\/stanahuja.com\/hu\/giftcard\/","title":{"rendered":"Aj\u00e1nd\u00e9kutalv\u00e1ny"},"content":{"rendered":"\t\t<div data-elementor-type=\"wp-page\" data-elementor-id=\"728\" class=\"elementor elementor-728\" data-elementor-post-type=\"page\">\n\t\t\t\t<div class=\"elementor-element elementor-element-e80b546 e-flex e-con-boxed e-con e-parent\" data-id=\"e80b546\" data-element_type=\"container\" data-e-type=\"container\" data-settings=\"{&quot;background_background&quot;:&quot;classic&quot;}\">\n\t\t\t\t\t<div class=\"e-con-inner\">\n\t\t<div class=\"elementor-element elementor-element-41abcdc e-flex e-con-boxed e-con e-child\" data-id=\"41abcdc\" data-element_type=\"container\" data-e-type=\"container\">\n\t\t\t\t\t<div class=\"e-con-inner\">\n\t\t<div class=\"elementor-element elementor-element-8a3e1b7 sa-text-decoration e-flex e-con-boxed e-con e-child\" data-id=\"8a3e1b7\" data-element_type=\"container\" data-e-type=\"container\">\n\t\t\t\t\t<div class=\"e-con-inner\">\n\t\t\t\t<div class=\"elementor-element elementor-element-1d8560d elementor-widget elementor-widget-heading\" data-id=\"1d8560d\" data-element_type=\"widget\" data-e-type=\"widget\" data-widget_type=\"heading.default\">\n\t\t\t\t<div class=\"elementor-widget-container\">\n\t\t\t\t\t<h1 class=\"elementor-heading-title elementor-size-default\">Giftcard<\/h1>\t\t\t\t<\/div>\n\t\t\t\t<\/div>\n\t\t\t\t<div class=\"elementor-element elementor-element-4bc8f41 elementor-widget-divider--view-line elementor-widget elementor-widget-divider\" data-id=\"4bc8f41\" data-element_type=\"widget\" data-e-type=\"widget\" data-widget_type=\"divider.default\">\n\t\t\t\t<div class=\"elementor-widget-container\">\n\t\t\t\t\t\t\t<div class=\"elementor-divider\">\n\t\t\t<span class=\"elementor-divider-separator\">\n\t\t\t\t\t\t<\/span>\n\t\t<\/div>\n\t\t\t\t\t\t<\/div>\n\t\t\t\t<\/div>\n\t\t\t\t<div class=\"elementor-element elementor-element-fa8b80f elementor-widget elementor-widget-text-editor\" data-id=\"fa8b80f\" data-element_type=\"widget\" data-e-type=\"widget\" data-widget_type=\"text-editor.default\">\n\t\t\t\t<div class=\"elementor-widget-container\">\n\t\t\t\t\t\t\t\t\t<p class=\"text-giftcard\">Are you looking for something special for the gentleman in your life?<\/p><p class=\"text-giftcard\">Something unique, bespoke and even practical?<\/p><p class=\"text-giftcard\">Surprise him with a<\/p><h3 class=\"text-giftcard bigger-text\">Stan Ahuja Giftcard<\/h3>\t\t\t\t\t\t\t\t<\/div>\n\t\t\t\t<\/div>\n\t\t<div class=\"elementor-element elementor-element-1ceabc8 e-flex e-con-boxed e-con e-child\" data-id=\"1ceabc8\" data-element_type=\"container\" data-e-type=\"container\">\n\t\t\t\t\t<div class=\"e-con-inner\">\n\t\t<div class=\"elementor-element elementor-element-1b2bc2c e-flex e-con-boxed e-con e-child\" data-id=\"1b2bc2c\" data-element_type=\"container\" data-e-type=\"container\">\n\t\t\t\t\t<div class=\"e-con-inner\">\n\t\t\t\t<div class=\"elementor-element elementor-element-0ea18a3 elementor-widget elementor-widget-text-editor\" data-id=\"0ea18a3\" data-element_type=\"widget\" data-e-type=\"widget\" data-widget_type=\"text-editor.default\">\n\t\t\t\t<div class=\"elementor-widget-container\">\n\t\t\t\t\t\t\t\t\t<p class=\"text-gc\">According to hundred-year-old tradition, a suit, jacket or shirt, lovingly crafted from the finest materials and to the perfect fit, is a gift like no other.<\/p><p class=\"text-gc\">With a Stan Ahuja gift certificate, you can show him how much you care with the gift of style and elegance.<\/p><p class=\"text-gc\">Don&#8217;t settle for less, combining traditional tailoring and methods with a contemporary approach, Stan Ahuja provides a unique service for men striving for perfection.<\/p><p class=\"text-gc\">The Stan Ahuja gift card is the ideal gift for gentlemen of good taste.<\/p><p class=\"text-gc\">Surprise your loved one, colleague or business partner with a truly special, custom-made piece from Stan Ahuya\u2019s tailoring masters. The gift voucher can also be used for premium quality handmade leather shoes, ties and other accessories.<\/p><p class=\"text-gc\">Gift cards can be ordered with any amount, but in the case of vouchers over HUF 100,000, an extra 10% free in purchase value will be added!<\/p><p class=\"text-gc\">The Stan Ahuja gift card can be purchased in person at our Andr\u00e1ssy \u00fat store, or delivered to your home.<\/p><p class=\"text-gc\">Our colleagues will be happy to help you with any questions you may have.<\/p><p class=\"text-gc\">Stan Ahuja Tailoring<br \/>Telephone: +36 1 354 0195<br \/>Address: 1061 Andr\u00e1ssy \u00fat 38.<br \/>Opening hours:<br \/>Monday to Friday: 10:00 to 19:00<br \/>Saturday: 11:00 &#8211; 17:00<br \/>Email: info@stanahuja.com<\/p>\t\t\t\t\t\t\t\t<\/div>\n\t\t\t\t<\/div>\n\t\t\t\t\t<\/div>\n\t\t\t\t<\/div>\n\t\t<div class=\"elementor-element elementor-element-9188c27 e-flex e-con-boxed e-con e-child\" data-id=\"9188c27\" data-element_type=\"container\" data-e-type=\"container\">\n\t\t\t\t\t<div class=\"e-con-inner\">\n\t\t\t\t<div class=\"elementor-element elementor-element-3e7904e elementor-widget elementor-widget-image\" data-id=\"3e7904e\" data-element_type=\"widget\" data-e-type=\"widget\" data-widget_type=\"image.default\">\n\t\t\t\t<div class=\"elementor-widget-container\">\n\t\t\t\t\t\t\t\t\t\t\t\t\t\t\t<img alt=\"\" fetchpriority=\"high\" decoding=\"async\" width=\"800\" height=\"800\" src=\"https:\/\/stanahuja.com\/media\/2024\/02\/SA_Gift_card_05.jpeg\" class=\"attachment-large size-large wp-image-730\" alt=\"\" srcset=\"https:\/\/stanahuja.com\/media\/2024\/02\/SA_Gift_card_05.jpeg 800w, https:\/\/stanahuja.com\/media\/2024\/02\/SA_Gift_card_05-300x300.jpeg 300w, https:\/\/stanahuja.com\/media\/2024\/02\/SA_Gift_card_05-100x100.jpeg 100w, https:\/\/stanahuja.com\/media\/2024\/02\/SA_Gift_card_05-600x600.jpeg 600w, https:\/\/stanahuja.com\/media\/2024\/02\/SA_Gift_card_05-150x150.jpeg 150w, https:\/\/stanahuja.com\/media\/2024\/02\/SA_Gift_card_05-768x768.jpeg 768w\" sizes=\"(max-width: 800px) 100vw, 800px\" \/>\t\t\t\t\t\t\t\t\t\t\t\t\t\t\t<\/div>\n\t\t\t\t<\/div>\n\t\t\t\t\t<\/div>\n\t\t\t\t<\/div>\n\t\t\t\t\t<\/div>\n\t\t\t\t<\/div>\n\t\t\t\t\t<\/div>\n\t\t\t\t<\/div>\n\t\t\t\t\t<\/div>\n\t\t\t\t<\/div>\n\t\t<div class=\"elementor-element elementor-element-20af26c e-flex e-con-boxed e-con e-child\" data-id=\"20af26c\" data-element_type=\"container\" data-e-type=\"container\" data-settings=\"{&quot;background_background&quot;:&quot;classic&quot;}\">\n\t\t\t\t\t<div class=\"e-con-inner\">\n\t\t<div class=\"elementor-element elementor-element-5f5dcdb e-flex e-con-boxed e-con e-child\" data-id=\"5f5dcdb\" data-element_type=\"container\" data-e-type=\"container\" data-settings=\"{&quot;background_background&quot;:&quot;classic&quot;}\">\n\t\t\t\t\t<div class=\"e-con-inner\">\n\t\t\t\t<div class=\"elementor-element elementor-element-1139bbb elementor-widget elementor-widget-heading\" data-id=\"1139bbb\" data-element_type=\"widget\" data-e-type=\"widget\" data-widget_type=\"heading.default\">\n\t\t\t\t<div class=\"elementor-widget-container\">\n\t\t\t\t\t<h2 class=\"elementor-heading-title elementor-size-default\">Giftcard<\/h2>\t\t\t\t<\/div>\n\t\t\t\t<\/div>\n\t\t\t\t<div class=\"elementor-element elementor-element-e954da3 elementor-button-align-start elementor-tablet-button-align-start elementor-widget elementor-widget-form\" data-id=\"e954da3\" data-element_type=\"widget\" data-e-type=\"widget\" data-settings=\"{&quot;button_width&quot;:&quot;20&quot;,&quot;step_next_label&quot;:&quot;K\\u00f6vetkez\\u0151&quot;,&quot;step_previous_label&quot;:&quot;El\\u0151z\\u0151&quot;,&quot;step_type&quot;:&quot;number_text&quot;,&quot;step_icon_shape&quot;:&quot;circle&quot;}\" data-widget_type=\"form.default\">\n\t\t\t\t<div class=\"elementor-widget-container\">\n\t\t\t\t\t\t\t<form class=\"elementor-form\" method=\"post\" name=\"Giftcard\" aria-label=\"Giftcard\">\n\t\t\t<input type=\"hidden\" name=\"post_id\" value=\"728\"\/>\n\t\t\t<input type=\"hidden\" name=\"form_id\" value=\"e954da3\"\/>\n\t\t\t<input type=\"hidden\" name=\"referer_title\" value=\"Giftcard\" \/>\n\n\t\t\t\t\t\t\t<input type=\"hidden\" name=\"queried_id\" value=\"728\"\/>\n\t\t\t\n\t\t\t<div class=\"elementor-form-fields-wrapper elementor-labels-above\">\n\t\t\t\t\t\t\t\t<div class=\"elementor-field-type-text elementor-field-group elementor-column elementor-field-group-name elementor-col-50 elementor-md-100\">\n\t\t\t\t\t\t\t\t\t\t\t\t<label for=\"form-field-name\" class=\"elementor-field-label\">\n\t\t\t\t\t\t\t\tName\t\t\t\t\t\t\t<\/label>\n\t\t\t\t\t\t\t\t\t\t\t\t\t\t<input size=\"1\" type=\"text\" name=\"form_fields[name]\" id=\"form-field-name\" class=\"elementor-field elementor-size-md  elementor-field-textual\" placeholder=\"Name\">\n\t\t\t\t\t\t\t\t\t\t\t<\/div>\n\t\t\t\t\t\t\t\t<div class=\"elementor-field-type-email elementor-field-group elementor-column elementor-field-group-email elementor-col-50 elementor-md-100 elementor-field-required\">\n\t\t\t\t\t\t\t\t\t\t\t\t<label for=\"form-field-email\" class=\"elementor-field-label\">\n\t\t\t\t\t\t\t\tEmail\t\t\t\t\t\t\t<\/label>\n\t\t\t\t\t\t\t\t\t\t\t\t\t\t<input size=\"1\" type=\"email\" name=\"form_fields[email]\" id=\"form-field-email\" class=\"elementor-field elementor-size-md  elementor-field-textual\" placeholder=\"Email\" required=\"required\">\n\t\t\t\t\t\t\t\t\t\t\t<\/div>\n\t\t\t\t\t\t\t\t<div class=\"elementor-field-type-tel elementor-field-group elementor-column elementor-field-group-field_b9b1883 elementor-col-50 elementor-md-100\">\n\t\t\t\t\t\t\t\t\t\t\t\t<label for=\"form-field-field_b9b1883\" class=\"elementor-field-label\">\n\t\t\t\t\t\t\t\tPhone\t\t\t\t\t\t\t<\/label>\n\t\t\t\t\t\t\t\t<input size=\"1\" type=\"tel\" name=\"form_fields[field_b9b1883]\" id=\"form-field-field_b9b1883\" class=\"elementor-field elementor-size-md  elementor-field-textual\" placeholder=\"Phone\" pattern=\"[0-9()#&amp;+*-=.]+\" title=\"Only numbers and phone characters (#, -, *, etc) are accepted.\">\n\n\t\t\t\t\t\t<\/div>\n\t\t\t\t\t\t\t\t<div class=\"elementor-field-type-text elementor-field-group elementor-column elementor-field-group-field_c881c77 elementor-col-50 elementor-md-100\">\n\t\t\t\t\t\t\t\t\t\t\t\t<label for=\"form-field-field_c881c77\" class=\"elementor-field-label\">\n\t\t\t\t\t\t\t\tGiftcard amount\t\t\t\t\t\t\t<\/label>\n\t\t\t\t\t\t\t\t\t\t\t\t\t\t<input size=\"1\" type=\"text\" name=\"form_fields[field_c881c77]\" id=\"form-field-field_c881c77\" class=\"elementor-field elementor-size-md  elementor-field-textual\" placeholder=\"Giftcard amount\">\n\t\t\t\t\t\t\t\t\t\t\t<\/div>\n\t\t\t\t\t\t\t\t<div class=\"elementor-field-type-textarea elementor-field-group elementor-column elementor-field-group-message elementor-col-100\">\n\t\t\t\t\t\t\t\t\t\t\t\t<label for=\"form-field-message\" class=\"elementor-field-label\">\n\t\t\t\t\t\t\t\tMessage\t\t\t\t\t\t\t<\/label>\n\t\t\t\t\t\t<textarea class=\"elementor-field-textual elementor-field  elementor-size-md\" name=\"form_fields[message]\" id=\"form-field-message\" rows=\"10\" placeholder=\"Message\"><\/textarea>\t\t\t\t<\/div>\n\t\t\t\t\t\t\t\t<div class=\"elementor-field-type-recaptcha_v3 elementor-field-group elementor-column elementor-field-group-field_88fa6b6 elementor-col-100 recaptcha_v3-bottomright\">\n\t\t\t\t\t<div class=\"elementor-field\" id=\"form-field-field_88fa6b6\"><div class=\"elementor-g-recaptcha\" data-sitekey=\"6LeOnn4qAAAAAL6K5YVdUOO9iF_C82JTTVbGXWcc\" data-type=\"v3\" data-action=\"Form\" data-badge=\"bottomright\" data-size=\"invisible\"><\/div><\/div>\t\t\t\t<\/div>\n\t\t\t\t\t\t\t\t<div class=\"elementor-field-group elementor-column elementor-field-type-submit elementor-col-20 e-form__buttons\">\n\t\t\t\t\t<button class=\"elementor-button elementor-size-sm\" type=\"submit\">\n\t\t\t\t\t\t<span class=\"elementor-button-content-wrapper\">\n\t\t\t\t\t\t\t\t\t\t\t\t\t\t\t\t\t\t\t\t\t\t<span class=\"elementor-button-text\">Send<\/span>\n\t\t\t\t\t\t\t\t\t\t\t\t\t<\/span>\n\t\t\t\t\t<\/button>\n\t\t\t\t<\/div>\n\t\t\t<\/div>\n\t\t<\/form>\n\t\t\t\t\t\t<\/div>\n\t\t\t\t<\/div>\n\t\t\t\t\t<\/div>\n\t\t\t\t<\/div>\n\t\t\t\t\t<\/div>\n\t\t\t\t<\/div>\n\t\t\t\t\t<\/div>\n\t\t\t\t<\/div>\n\t\t\t\t<\/div>\n\t\t","protected":false},"excerpt":{"rendered":"<p>Giftcard Are you looking for something special for the gentleman in your life? Something unique, bespoke and even practical? Surprise him with a Stan Ahuja Giftcard According to hundred-year-old tradition, a suit, jacket or shirt, lovingly crafted from the finest materials and to the perfect fit, is a gift like no other. With a Stan [&hellip;]<\/p>\n","protected":false},"author":1,"featured_media":0,"parent":0,"menu_order":0,"comment_status":"closed","ping_status":"closed","template":"","meta":{"_seopress_robots_primary_cat":"","_seopress_titles_title":"","_seopress_titles_desc":"","_seopress_robots_index":"","footnotes":""},"class_list":["post-728","page","type-page","status-publish","hentry"],"_links":{"self":[{"href":"http:\/\/stanahuja.com\/hu\/wp-json\/wp\/v2\/pages\/728","targetHints":{"allow":["GET"]}}],"collection":[{"href":"http:\/\/stanahuja.com\/hu\/wp-json\/wp\/v2\/pages"}],"about":[{"href":"http:\/\/stanahuja.com\/hu\/wp-json\/wp\/v2\/types\/page"}],"author":[{"embeddable":true,"href":"http:\/\/stanahuja.com\/hu\/wp-json\/wp\/v2\/users\/1"}],"replies":[{"embeddable":true,"href":"http:\/\/stanahuja.com\/hu\/wp-json\/wp\/v2\/comments?post=728"}],"version-history":[{"count":112,"href":"http:\/\/stanahuja.com\/hu\/wp-json\/wp\/v2\/pages\/728\/revisions"}],"predecessor-version":[{"id":2177,"href":"http:\/\/stanahuja.com\/hu\/wp-json\/wp\/v2\/pages\/728\/revisions\/2177"}],"wp:attachment":[{"href":"http:\/\/stanahuja.com\/hu\/wp-json\/wp\/v2\/media?parent=728"}],"curies":[{"name":"wp","href":"https:\/\/api.w.org\/{rel}","templated":true}]}}