{"id":20,"date":"2024-02-13T10:41:24","date_gmt":"2024-02-13T10:41:24","guid":{"rendered":"https:\/\/stanahuja.tasnadi.group\/?page_id=20"},"modified":"2024-10-31T12:24:17","modified_gmt":"2024-10-31T11:24:17","slug":"about","status":"publish","type":"page","link":"https:\/\/stanahuja.com\/hu\/about\/","title":{"rendered":"R\u00f3lunk"},"content":{"rendered":"<div data-elementor-type=\"wp-page\" data-elementor-id=\"20\" class=\"elementor elementor-20\" data-elementor-post-type=\"page\">\n\t\t\t\t<div class=\"elementor-element elementor-element-f0bb092 e-flex e-con-boxed e-con e-parent\" data-id=\"f0bb092\" data-element_type=\"container\" data-e-type=\"container\" data-settings=\"{&quot;background_background&quot;:&quot;classic&quot;}\">\n\t\t\t\t\t<div class=\"e-con-inner\">\n\t\t<div class=\"elementor-element elementor-element-f25165a e-flex e-con-boxed e-con e-child\" data-id=\"f25165a\" data-element_type=\"container\" data-e-type=\"container\">\n\t\t\t\t\t<div class=\"e-con-inner\">\n\t\t<div class=\"elementor-element elementor-element-548287a e-con-full e-flex e-con e-child\" data-id=\"548287a\" data-element_type=\"container\" data-e-type=\"container\">\n\t\t\t\t<\/div>\n\t\t<div class=\"elementor-element elementor-element-b572410 e-flex e-con-boxed e-con e-child\" data-id=\"b572410\" data-element_type=\"container\" data-e-type=\"container\">\n\t\t\t\t\t<div class=\"e-con-inner\">\n\t\t\t\t<div class=\"elementor-element elementor-element-73a0af7 elementor-widget elementor-widget-heading\" data-id=\"73a0af7\" data-element_type=\"widget\" data-e-type=\"widget\" data-widget_type=\"heading.default\">\n\t\t\t\t<div class=\"elementor-widget-container\">\n\t\t\t\t\t<h2 class=\"elementor-heading-title elementor-size-default\"><a href=\"#ourstory\">T\u00f6rt\u00e9net\u00fcnk<\/a><\/h2>\t\t\t\t<\/div>\n\t\t\t\t<\/div>\n\t\t\t\t<div class=\"elementor-element elementor-element-350b6a5 elementor-widget-divider--view-line elementor-widget elementor-widget-divider\" data-id=\"350b6a5\" data-element_type=\"widget\" data-e-type=\"widget\" data-widget_type=\"divider.default\">\n\t\t\t\t<div class=\"elementor-widget-container\">\n\t\t\t\t\t\t\t<div class=\"elementor-divider\">\n\t\t\t<span class=\"elementor-divider-separator\">\n\t\t\t\t\t\t<\/span>\n\t\t<\/div>\n\t\t\t\t\t\t<\/div>\n\t\t\t\t<\/div>\n\t\t\t\t<div class=\"elementor-element elementor-element-ccf537d elementor-widget elementor-widget-text-editor\" data-id=\"ccf537d\" data-element_type=\"widget\" data-e-type=\"widget\" data-widget_type=\"text-editor.default\">\n\t\t\t\t<div class=\"elementor-widget-container\">\n\t\t\t\t\t\t\t\t\t\"Az \u00e9let tele van \u00fcnnepl\u00e9sre \u00e9rdemes pillanatokkal. Megk\u00f3stolni egy \u00faj, izgalmas \u00edzt, meg\u00e9rkezni a helyre, ahova mindig is v\u00e1gyt\u00e1l, elm\u00e9lyedni egy igaz\u00e1n bens\u0151s\u00e9ges besz\u00e9lget\u00e9sben - ezek az apr\u00f3, elkapott momentumok v\u00e1lnak eml\u00e9kezetess\u00e9, ezeket mes\u00e9lj\u00fck majd unok\u00e1inknak. Mint \u00e9let\u00fcnket, \u00fagy munk\u00e1nkat is ez a szellemis\u00e9g j\u00e1rja \u00e1t: Hissz\u00fck, hogy a sz\u00e9p \u00f6lt\u00f6zet tisztelg\u00e9s az \u00e9let el\u0151tt, az \u00e9let pedig tisztelg\u00e9s a sz\u00e9ps\u00e9g el\u0151tt. A m\u00e1rk\u00e1t 2004-ben alap\u00edtottuk meg azzal a c\u00e9llal, hogy a tradicion\u00e1lis mesterszab\u00e1szat \u00e9s a modern elegancia \u00f6tv\u00f6z\u00e9s\u00e9vel, exkluz\u00edv szolg\u00e1ltat\u00e1st ny\u00fajtsunk a t\u00f6k\u00e9letess\u00e9gre t\u00f6rekv\u0151 f\u00e9rfiak sz\u00e1m\u00e1ra. Munk\u00e1nkkal a mesters\u00e9g gener\u00e1ci\u00f3s hagyom\u00e1nyait megtartva, a modern f\u00e9rfi esszenci\u00e1lis eszk\u00f6zt\u00e1r\u00e1t k\u00e9sz\u00edtj\u00fck el\u0151, az ehhez elengedhetetlen szenved\u00e9llyel \u00e9s szaktud\u00e1ssal. A szenved\u00e9ly csup\u00e1n pillanatnyi \u00e9rz\u00e9s, m\u00e9gis elengedhetetlen ahhoz, hogy maradand\u00f3t alkothass. Ez a kett\u0151ss\u00e9g hat\u00e1roz meg minket, mint szakembereket: az el\u00e9gedetts\u00e9g, a teljess\u00e9g \u00f6r\u00f6me, amelyet egy klasszikus, \u00f6r\u00f6k\u00e9rv\u00e9ny\u0171 darab ny\u00fajthat.\u201d\t\t\t\t\t\t\t\t<\/div>\n\t\t\t\t<\/div>\n\t\t\t\t\t<\/div>\n\t\t\t\t<\/div>\n\t\t\t\t\t<\/div>\n\t\t\t\t<\/div>\n\t\t<div class=\"elementor-element elementor-element-a47ae75 e-flex e-con-boxed e-con e-child\" data-id=\"a47ae75\" data-element_type=\"container\" data-e-type=\"container\">\n\t\t\t\t\t<div class=\"e-con-inner\">\n\t\t<div class=\"elementor-element elementor-element-2106c32 e-con-full e-flex e-con e-child\" data-id=\"2106c32\" data-element_type=\"container\" data-e-type=\"container\">\n\t\t\t\t<div class=\"elementor-element elementor-element-6439ae9 elementor-widget elementor-widget-heading\" data-id=\"6439ae9\" data-element_type=\"widget\" data-e-type=\"widget\" data-widget_type=\"heading.default\">\n\t\t\t\t<div class=\"elementor-widget-container\">\n\t\t\t\t\t<h2 class=\"elementor-heading-title elementor-size-default\"><a href=\"#philosophy\">Filoz\u00f3fi\u00e1nk<\/a><\/h2>\t\t\t\t<\/div>\n\t\t\t\t<\/div>\n\t\t\t\t<div class=\"elementor-element elementor-element-b06b15c elementor-widget-divider--view-line elementor-widget elementor-widget-divider\" data-id=\"b06b15c\" data-element_type=\"widget\" data-e-type=\"widget\" data-widget_type=\"divider.default\">\n\t\t\t\t<div class=\"elementor-widget-container\">\n\t\t\t\t\t\t\t<div class=\"elementor-divider\">\n\t\t\t<span class=\"elementor-divider-separator\">\n\t\t\t\t\t\t<\/span>\n\t\t<\/div>\n\t\t\t\t\t\t<\/div>\n\t\t\t\t<\/div>\n\t\t\t\t<div class=\"elementor-element elementor-element-42692d6 elementor-widget elementor-widget-text-editor\" data-id=\"42692d6\" data-element_type=\"widget\" data-e-type=\"widget\" data-widget_type=\"text-editor.default\">\n\t\t\t\t<div class=\"elementor-widget-container\">\n\t\t\t\t\t\t\t\t\t\u201eA k\u00e9zfog\u00e1s legyen mindig hat\u00e1rozott, de sosem tolakod\u00f3. Ha ezt betartj\u00e1tok, n\u00e9vjegyk\u00e1rty\u00e1ra sem lesz sz\u00fcks\u00e9getek - Ap\u00e1nk tan\u00edt\u00e1sa m\u00e1r gyermekk\u00e9nt gy\u00f6keret vert gondolkod\u00e1sunkban, szeml\u00e9let\u00fcnkben pedig a mai napig meghat\u00e1roz\u00f3ak szavai. Az utols\u00f3 sim\u00edt\u00e1s az \u00f6lt\u00f6z\u00e9ken mindig a magabiztoss\u00e1g. Ha egy f\u00e9rfi azt viseli, amit az ig\u00e9nyeire \u00e9s testalkat\u00e1ra form\u00e1ztak, akkor ez a magabiztoss\u00e1g m\u00e1r az els\u0151 pillanatt\u00f3l egy\u00e9rtelm\u0171 \u00e9s meghat\u00e1roz\u00f3 lesz k\u00f6rnyezete sz\u00e1m\u00e1ra.\u201d A hagyom\u00e1nyos szab\u00e1sm\u00f3dokat \u00e9s tradicion\u00e1lis elj\u00e1r\u00e1sokat kort\u00e1rs szeml\u00e9lettel \u00f6tv\u00f6z\u0151 Stan Ahuja, egyed\u00fcl\u00e1ll\u00f3 szolg\u00e1ltat\u00e1st ny\u00fajt a t\u00f6k\u00e9letess\u00e9gre t\u00f6rekv\u0151 f\u00e9rfiak sz\u00e1m\u00e1ra. A k\u00e9zm\u0171ves szab\u00e1szat nem csak az egyedi darabok prec\u00edz megalkot\u00e1s\u00e1ra k\u00edn\u00e1l lehet\u0151s\u00e9get, de hat\u00e1rozott \u00e1ll\u00e1sfoglal\u00e1s a fenntarthat\u00f3 divat, a t\u00f6meggy\u00e1rt\u00e1s \u00e9s t\u00falfogyaszt\u00e1s k\u00e9rd\u00e9s\u00e9ben is.\"\t\t\t\t\t\t\t\t<\/div>\n\t\t\t\t<\/div>\n\t\t\t\t<\/div>\n\t\t<div class=\"elementor-element elementor-element-94b4f4a e-flex e-con-boxed e-con e-child\" data-id=\"94b4f4a\" data-element_type=\"container\" data-e-type=\"container\">\n\t\t\t\t\t<div class=\"e-con-inner\">\n\t\t\t\t<div class=\"elementor-element elementor-element-1dad809 elementor-widget elementor-widget-image\" data-id=\"1dad809\" data-element_type=\"widget\" data-e-type=\"widget\" data-widget_type=\"image.default\">\n\t\t\t\t<div class=\"elementor-widget-container\">\n\t\t\t\t\t\t\t\t\t\t\t\t\t\t\t<img alt=\"\" fetchpriority=\"high\" decoding=\"async\" width=\"768\" height=\"1152\" src=\"https:\/\/stanahuja.com\/media\/2024\/02\/about-alt-768x1152.jpeg\" class=\"attachment-medium_large size-medium_large wp-image-250\" srcset=\"https:\/\/stanahuja.com\/media\/2024\/02\/about-alt-768x1152.jpeg 768w, https:\/\/stanahuja.com\/media\/2024\/02\/about-alt-scaled-600x900.jpeg 600w, https:\/\/stanahuja.com\/media\/2024\/02\/about-alt-200x300.jpeg 200w, https:\/\/stanahuja.com\/media\/2024\/02\/about-alt-683x1024.jpeg 683w, https:\/\/stanahuja.com\/media\/2024\/02\/about-alt-1024x1536.jpeg 1024w, https:\/\/stanahuja.com\/media\/2024\/02\/about-alt-1365x2048.jpeg 1365w, https:\/\/stanahuja.com\/media\/2024\/02\/about-alt-scaled.jpeg 1707w\" sizes=\"(max-width: 768px) 100vw, 768px\" \/>\t\t\t\t\t\t\t\t\t\t\t\t\t\t\t<\/div>\n\t\t\t\t<\/div>\n\t\t\t\t\t<\/div>\n\t\t\t\t<\/div>\n\t\t\t\t\t<\/div>\n\t\t\t\t<\/div>\n\t\t\t\t\t<\/div>\n\t\t\t\t<\/div>\n\t\t\t\t<\/div>","protected":false},"excerpt":{"rendered":"<p>Our story &#8220;We are passionate people inspired by travelling, art, gastronomy and deep conversations. We celebrate life everyday, which means feeling good on the inside and looking our best on the outside . We believe in the power of good manners and first impressions, as taught to us by our father. We hold dear his [&hellip;]<\/p>\n","protected":false},"author":1,"featured_media":0,"parent":0,"menu_order":0,"comment_status":"closed","ping_status":"closed","template":"","meta":{"_seopress_robots_primary_cat":"","_seopress_titles_title":"","_seopress_titles_desc":"","_seopress_robots_index":"","footnotes":""},"class_list":["post-20","page","type-page","status-publish","hentry"],"_links":{"self":[{"href":"https:\/\/stanahuja.com\/hu\/wp-json\/wp\/v2\/pages\/20","targetHints":{"allow":["GET"]}}],"collection":[{"href":"https:\/\/stanahuja.com\/hu\/wp-json\/wp\/v2\/pages"}],"about":[{"href":"https:\/\/stanahuja.com\/hu\/wp-json\/wp\/v2\/types\/page"}],"author":[{"embeddable":true,"href":"https:\/\/stanahuja.com\/hu\/wp-json\/wp\/v2\/users\/1"}],"replies":[{"embeddable":true,"href":"https:\/\/stanahuja.com\/hu\/wp-json\/wp\/v2\/comments?post=20"}],"version-history":[{"count":128,"href":"https:\/\/stanahuja.com\/hu\/wp-json\/wp\/v2\/pages\/20\/revisions"}],"predecessor-version":[{"id":1840,"href":"https:\/\/stanahuja.com\/hu\/wp-json\/wp\/v2\/pages\/20\/revisions\/1840"}],"wp:attachment":[{"href":"https:\/\/stanahuja.com\/hu\/wp-json\/wp\/v2\/media?parent=20"}],"curies":[{"name":"wp","href":"https:\/\/api.w.org\/{rel}","templated":true}]}}