{"id":22,"date":"2024-02-13T10:41:50","date_gmt":"2024-02-13T10:41:50","guid":{"rendered":"https:\/\/stanahuja.tasnadi.group\/?page_id=22"},"modified":"2024-10-31T12:25:02","modified_gmt":"2024-10-31T11:25:02","slug":"clothes","status":"publish","type":"page","link":"https:\/\/stanahuja.com\/hu\/clothes\/","title":{"rendered":"A szab\u00f3s\u00e1g"},"content":{"rendered":"<div data-elementor-type=\"wp-page\" data-elementor-id=\"22\" class=\"elementor elementor-22\" data-elementor-post-type=\"page\">\n\t\t\t\t<div class=\"elementor-element elementor-element-beb5cd7 e-flex e-con-boxed e-con e-parent\" data-id=\"beb5cd7\" data-element_type=\"container\" data-e-type=\"container\" data-settings=\"{&quot;background_background&quot;:&quot;classic&quot;}\">\n\t\t\t\t\t<div class=\"e-con-inner\">\n\t\t<div class=\"elementor-element elementor-element-5e7eaf9 e-flex e-con-boxed e-con e-child\" data-id=\"5e7eaf9\" data-element_type=\"container\" data-e-type=\"container\">\n\t\t\t\t\t<div class=\"e-con-inner\">\n\t\t\t\t<div class=\"elementor-element elementor-element-2372623 elementor-widget elementor-widget-heading\" data-id=\"2372623\" data-element_type=\"widget\" data-e-type=\"widget\" data-widget_type=\"heading.default\">\n\t\t\t\t<div class=\"elementor-widget-container\">\n\t\t\t\t\t<h1 class=\"elementor-heading-title elementor-size-default\">Az \u00c9lm\u00e9ny<\/h1>\t\t\t\t<\/div>\n\t\t\t\t<\/div>\n\t\t\t\t<div class=\"elementor-element elementor-element-bbd1905 elementor-widget-divider--view-line elementor-widget elementor-widget-divider\" data-id=\"bbd1905\" data-element_type=\"widget\" data-e-type=\"widget\" data-widget_type=\"divider.default\">\n\t\t\t\t<div class=\"elementor-widget-container\">\n\t\t\t\t\t\t\t<div class=\"elementor-divider\">\n\t\t\t<span class=\"elementor-divider-separator\">\n\t\t\t\t\t\t<\/span>\n\t\t<\/div>\n\t\t\t\t\t\t<\/div>\n\t\t\t\t<\/div>\n\t\t\t\t<div class=\"elementor-element elementor-element-8a39b4e sa-exp-text elementor-widget elementor-widget-text-editor\" data-id=\"8a39b4e\" data-element_type=\"widget\" data-e-type=\"widget\" data-widget_type=\"text-editor.default\">\n\t\t\t\t<div class=\"elementor-widget-container\">\n\t\t\t\t\t\t\t\t\tSz\u00e1munkra a legfontosabb, hogy az elk\u00e9sz\u00fclt darab minden elv\u00e1r\u00e1s\u00e1nak \u00e9s elk\u00e9pzel\u00e9s\u00e9nek eleget tegyen, ez\u00e9rt m\u00e1r a kezdetekt\u0151l, a legapr\u00f3bb r\u00e9szletek megtervez\u00e9s\u00e9be is bevonjuk \u00d6nt.\t\t\t\t\t\t\t\t<\/div>\n\t\t\t\t<\/div>\n\t\t\t\t<div class=\"elementor-element elementor-element-4bb11d5 sa-link-v2 elementor-widget elementor-widget-text-editor\" data-id=\"4bb11d5\" data-element_type=\"widget\" data-e-type=\"widget\" data-widget_type=\"text-editor.default\">\n\t\t\t\t<div class=\"elementor-widget-container\">\n\t\t\t\t\t\t\t\t\t<a href=\"\/hu\/clothes\/\">G\u00d6RGESSEN LEJJEBB, HOGY MEGISMERJE A STAN AHUJA \u00c9LM\u00c9NYT<\/a>\t\t\t\t\t\t\t\t<\/div>\n\t\t\t\t<\/div>\n\t\t\t\t\t<\/div>\n\t\t\t\t<\/div>\n\t\t<div class=\"elementor-element elementor-element-77d5ba9 elementor-hidden-mobile elementor-hidden-tablet e-flex e-con-boxed e-con e-child\" data-id=\"77d5ba9\" data-element_type=\"container\" data-e-type=\"container\">\n\t\t\t\t\t<div class=\"e-con-inner\">\n\t\t\t\t\t<\/div>\n\t\t\t\t<\/div>\n\t\t\t\t\t<\/div>\n\t\t\t\t<\/div>\n\t\t<div class=\"elementor-element elementor-element-6563239 e-flex e-con-boxed e-con e-parent\" data-id=\"6563239\" data-element_type=\"container\" data-e-type=\"container\" data-settings=\"{&quot;background_background&quot;:&quot;classic&quot;}\">\n\t\t\t\t\t<div class=\"e-con-inner\">\n\t\t<div class=\"elementor-element elementor-element-3028cb8 e-flex e-con-boxed e-con e-child\" data-id=\"3028cb8\" data-element_type=\"container\" data-e-type=\"container\">\n\t\t\t\t\t<div class=\"e-con-inner\">\n\t\t<div class=\"elementor-element elementor-element-1d862b7 sa-text-decoration e-flex e-con-boxed e-con e-child\" data-id=\"1d862b7\" data-element_type=\"container\" data-e-type=\"container\">\n\t\t\t\t\t<div class=\"e-con-inner\">\n\t\t\t\t<div class=\"elementor-element elementor-element-a664e8a elementor-widget elementor-widget-image\" data-id=\"a664e8a\" data-element_type=\"widget\" data-e-type=\"widget\" data-widget_type=\"image.default\">\n\t\t\t\t<div class=\"elementor-widget-container\">\n\t\t\t\t\t\t\t\t\t\t\t\t\t\t\t<img alt=\"\" fetchpriority=\"high\" decoding=\"async\" width=\"740\" height=\"740\" src=\"https:\/\/stanahuja.com\/media\/2024\/02\/clothes-xp-0.inbox740x740.jpg\" class=\"attachment-medium_large size-medium_large wp-image-359\" srcset=\"https:\/\/stanahuja.com\/media\/2024\/02\/clothes-xp-0.inbox740x740.jpg 740w, https:\/\/stanahuja.com\/media\/2024\/02\/clothes-xp-0.inbox740x740-300x300.jpg 300w, https:\/\/stanahuja.com\/media\/2024\/02\/clothes-xp-0.inbox740x740-100x100.jpg 100w, https:\/\/stanahuja.com\/media\/2024\/02\/clothes-xp-0.inbox740x740-600x600.jpg 600w, https:\/\/stanahuja.com\/media\/2024\/02\/clothes-xp-0.inbox740x740-150x150.jpg 150w\" sizes=\"(max-width: 740px) 100vw, 740px\" \/>\t\t\t\t\t\t\t\t\t\t\t\t\t\t\t<\/div>\n\t\t\t\t<\/div>\n\t\t\t\t<div class=\"elementor-element elementor-element-44c80bf elementor-hidden-mobile elementor-widget elementor-widget-image\" data-id=\"44c80bf\" data-element_type=\"widget\" data-e-type=\"widget\" data-widget_type=\"image.default\">\n\t\t\t\t<div class=\"elementor-widget-container\">\n\t\t\t\t\t\t\t\t\t\t\t\t\t\t\t<img alt=\"\" decoding=\"async\" width=\"740\" height=\"480\" src=\"https:\/\/stanahuja.com\/media\/2024\/02\/clothes-xp-1.inbox740x480.jpg\" class=\"attachment-large size-large wp-image-360\" srcset=\"https:\/\/stanahuja.com\/media\/2024\/02\/clothes-xp-1.inbox740x480.jpg 740w, https:\/\/stanahuja.com\/media\/2024\/02\/clothes-xp-1.inbox740x480-600x389.jpg 600w, https:\/\/stanahuja.com\/media\/2024\/02\/clothes-xp-1.inbox740x480-300x195.jpg 300w\" sizes=\"(max-width: 740px) 100vw, 740px\" \/>\t\t\t\t\t\t\t\t\t\t\t\t\t\t\t<\/div>\n\t\t\t\t<\/div>\n\t\t\t\t\t<\/div>\n\t\t\t\t<\/div>\n\t\t<div class=\"elementor-element elementor-element-46ea5ab e-flex e-con-boxed e-con e-child\" data-id=\"46ea5ab\" data-element_type=\"container\" data-e-type=\"container\">\n\t\t\t\t\t<div class=\"e-con-inner\">\n\t\t\t\t<div class=\"elementor-element elementor-element-a60c28a elementor-widget__width-initial elementor-widget elementor-widget-text-editor\" data-id=\"a60c28a\" data-element_type=\"widget\" data-e-type=\"widget\" data-widget_type=\"text-editor.default\">\n\t\t\t\t<div class=\"elementor-widget-container\">\n\t\t\t\t\t\t\t\t\tAtt\u00f3l fogva, hogy id\u0151pontot egyeztetett n\u00e1lunk, biztos lehet benne, hogy teljesen szem\u00e9lyre szabott \u00e9lm\u00e9nyben lesz r\u00e9sze. Az els\u0151 szem\u00e9lyes konzult\u00e1ci\u00f3 sor\u00e1n \u00e1tbesz\u00e9lj\u00fck az \u00fcgyf\u00e9l minden ig\u00e9ny\u00e9t, elk\u00e9pzel\u00e9s\u00e9t, felm\u00e9rj\u00fck ruhat\u00e1r\u00e1t, elm\u00e9lyed\u00fcnk \u00edzl\u00e9s\u00e9ben. Azonban nem szor\u00edtkozunk kiz\u00e1r\u00f3lag az adott ruhadarabra, hiszen \u00e9letst\u00edlus\u00e1nak n\u00e9h\u00e1ny eleme is kifejezetten fontos inform\u00e1ci\u00f3 sz\u00e1munkra, hogy a lehet\u0151 legid\u0151t\u00e1ll\u00f3bb darabot k\u00e9sz\u00edts\u00fck el \u00d6nnek. A fazon \u00e9s anyag kiv\u00e1laszt\u00e1s\u00e1t k\u00f6vet\u0151en felvessz\u00fck a pontos m\u00e9reteket, majd kezdet\u00e9t veszi a ruha elk\u00e9sz\u00edt\u00e9se. Ez a folyamat prec\u00edz \u00e9s id\u0151ig\u00e9nyes, ezalatt pedig k\u00e9t ruhapr\u00f3b\u00e1ra is sor ker\u00fcl, melyek sor\u00e1n lehet\u0151s\u00e9g ny\u00edlik m\u00f3dos\u00edtani a r\u00e9szleteken, t\u00f6k\u00e9letesen m\u00e9retre igaz\u00edtani a ruhadarabokat. A k\u00e9sz term\u00e9k k\u00f6r\u00fclbel\u00fcl egy h\u00f3nap alatt k\u00e9sz\u00fcl el, a v\u00e9geredm\u00e9ny pedig egy \u00f6r\u00f6k darab.\t\t\t\t\t\t\t\t<\/div>\n\t\t\t\t<\/div>\n\t\t\t\t<div class=\"elementor-element elementor-element-65169f6 sa-link-v2 elementor-widget elementor-widget-text-editor\" data-id=\"65169f6\" data-element_type=\"widget\" data-e-type=\"widget\" data-widget_type=\"text-editor.default\">\n\t\t\t\t<div class=\"elementor-widget-container\">\n\t\t\t\t\t\t\t\t\t<a href=\"\/hu\/contact\/\">ID\u0150PONTOT FOGLALOK<\/a>\t\t\t\t\t\t\t\t<\/div>\n\t\t\t\t<\/div>\n\t\t\t\t\t<\/div>\n\t\t\t\t<\/div>\n\t\t\t\t\t<\/div>\n\t\t\t\t<\/div>\n\t\t\t\t\t<\/div>\n\t\t\t\t<\/div>\n\t\t<div class=\"elementor-element elementor-element-98833f8 e-con-full e-flex e-con e-parent\" data-id=\"98833f8\" data-element_type=\"container\" data-e-type=\"container\">\n\t\t<div class=\"elementor-element elementor-element-8b30d3b e-con-full e-flex e-con e-child\" data-id=\"8b30d3b\" data-element_type=\"container\" data-e-type=\"container\" data-settings=\"{&quot;background_background&quot;:&quot;classic&quot;}\">\n\t\t\t\t<div class=\"elementor-element elementor-element-90c70c3 elementor-widget__width-auto elementor-widget elementor-widget-text-editor\" data-id=\"90c70c3\" data-element_type=\"widget\" data-e-type=\"widget\" data-widget_type=\"text-editor.default\">\n\t\t\t\t<div class=\"elementor-widget-container\">\n\t\t\t\t\t\t\t\t\t1\t\t\t\t\t\t\t\t<\/div>\n\t\t\t\t<\/div>\n\t\t\t\t<div class=\"elementor-element elementor-element-ae50e04 elementor-widget elementor-widget-heading\" data-id=\"ae50e04\" data-element_type=\"widget\" data-e-type=\"widget\" data-widget_type=\"heading.default\">\n\t\t\t\t<div class=\"elementor-widget-container\">\n\t\t\t\t\t<h3 class=\"elementor-heading-title elementor-size-default\">KONZULT\u00c1CI\u00d3 \u00c9S M\u00c9RETV\u00c9TEL<\/h3>\t\t\t\t<\/div>\n\t\t\t\t<\/div>\n\t\t\t\t<div class=\"elementor-element elementor-element-b6e8e2e elementor-widget elementor-widget-text-editor\" data-id=\"b6e8e2e\" data-element_type=\"widget\" data-e-type=\"widget\" data-widget_type=\"text-editor.default\">\n\t\t\t\t<div class=\"elementor-widget-container\">\n\t\t\t\t\t\t\t\t\tA konzult\u00e1ci\u00f3 az ig\u00e9nyek, elk\u00e9pzel\u00e9sek, \u00e9s a jelenlegi gardr\u00f3b megismer\u00e9s\u00e9vel kezd\u0151dik.\t\t\t\t\t\t\t\t<\/div>\n\t\t\t\t<\/div>\n\t\t\t\t<\/div>\n\t\t<div class=\"elementor-element elementor-element-802ed7d e-con-full e-flex e-con e-child\" data-id=\"802ed7d\" data-element_type=\"container\" data-e-type=\"container\" data-settings=\"{&quot;background_background&quot;:&quot;classic&quot;}\">\n\t\t\t\t<div class=\"elementor-element elementor-element-366df5b elementor-widget__width-auto elementor-widget elementor-widget-text-editor\" data-id=\"366df5b\" data-element_type=\"widget\" data-e-type=\"widget\" data-widget_type=\"text-editor.default\">\n\t\t\t\t<div class=\"elementor-widget-container\">\n\t\t\t\t\t\t\t\t\t2\t\t\t\t\t\t\t\t<\/div>\n\t\t\t\t<\/div>\n\t\t\t\t<div class=\"elementor-element elementor-element-8db4f92 elementor-widget elementor-widget-heading\" data-id=\"8db4f92\" data-element_type=\"widget\" data-e-type=\"widget\" data-widget_type=\"heading.default\">\n\t\t\t\t<div class=\"elementor-widget-container\">\n\t\t\t\t\t<h3 class=\"elementor-heading-title elementor-size-default\">F\u00c9RC PR\u00d3BA<\/h3>\t\t\t\t<\/div>\n\t\t\t\t<\/div>\n\t\t\t\t<div class=\"elementor-element elementor-element-90e9b89 elementor-widget elementor-widget-text-editor\" data-id=\"90e9b89\" data-element_type=\"widget\" data-e-type=\"widget\" data-widget_type=\"text-editor.default\">\n\t\t\t\t<div class=\"elementor-widget-container\">\n\t\t\t\t\t\t\t\t\tA f\u00e9rc pr\u00f3ba sor\u00e1n az \u00fcgyf\u00e9l el\u0151sz\u00f6r \u00e9rezheti az \u00f6lt\u00f6nyt \u00e9s annak es\u00e9s\u00e9t, \u00e1ll\u00e1s\u00e1t.\t\t\t\t\t\t\t\t<\/div>\n\t\t\t\t<\/div>\n\t\t\t\t<\/div>\n\t\t<div class=\"elementor-element elementor-element-84f7959 e-con-full e-flex e-con e-child\" data-id=\"84f7959\" data-element_type=\"container\" data-e-type=\"container\" data-settings=\"{&quot;background_background&quot;:&quot;classic&quot;}\">\n\t\t\t\t<div class=\"elementor-element elementor-element-874e236 elementor-widget__width-auto elementor-widget elementor-widget-text-editor\" data-id=\"874e236\" data-element_type=\"widget\" data-e-type=\"widget\" data-widget_type=\"text-editor.default\">\n\t\t\t\t<div class=\"elementor-widget-container\">\n\t\t\t\t\t\t\t\t\t3\t\t\t\t\t\t\t\t<\/div>\n\t\t\t\t<\/div>\n\t\t\t\t<div class=\"elementor-element elementor-element-48b6715 elementor-widget elementor-widget-heading\" data-id=\"48b6715\" data-element_type=\"widget\" data-e-type=\"widget\" data-widget_type=\"heading.default\">\n\t\t\t\t<div class=\"elementor-widget-container\">\n\t\t\t\t\t<h3 class=\"elementor-heading-title elementor-size-default\">M\u00c1SODIK PR\u00d3BA<\/h3>\t\t\t\t<\/div>\n\t\t\t\t<\/div>\n\t\t\t\t<div class=\"elementor-element elementor-element-27b8beb elementor-widget elementor-widget-text-editor\" data-id=\"27b8beb\" data-element_type=\"widget\" data-e-type=\"widget\" data-widget_type=\"text-editor.default\">\n\t\t\t\t<div class=\"elementor-widget-container\">\n\t\t\t\t\t\t\t\t\tA m\u00e1sodik pr\u00f3b\u00e1ra a szab\u00f3 mester\u00fcnk megalkotja a t\u00f6k\u00e9letes kont\u00farokat \u00e9s form\u00e1kat, az \u00f6lt\u00f6ny saj\u00e1t identit\u00e1st nyer.\t\t\t\t\t\t\t\t<\/div>\n\t\t\t\t<\/div>\n\t\t\t\t<\/div>\n\t\t<div class=\"elementor-element elementor-element-69730d8 e-con-full e-flex e-con e-child\" data-id=\"69730d8\" data-element_type=\"container\" data-e-type=\"container\" data-settings=\"{&quot;background_background&quot;:&quot;classic&quot;}\">\n\t\t\t\t<div class=\"elementor-element elementor-element-d9866f2 elementor-widget__width-auto elementor-widget elementor-widget-text-editor\" data-id=\"d9866f2\" data-element_type=\"widget\" data-e-type=\"widget\" data-widget_type=\"text-editor.default\">\n\t\t\t\t<div class=\"elementor-widget-container\">\n\t\t\t\t\t\t\t\t\t4\t\t\t\t\t\t\t\t<\/div>\n\t\t\t\t<\/div>\n\t\t\t\t<div class=\"elementor-element elementor-element-2bd81be elementor-widget elementor-widget-heading\" data-id=\"2bd81be\" data-element_type=\"widget\" data-e-type=\"widget\" data-widget_type=\"heading.default\">\n\t\t\t\t<div class=\"elementor-widget-container\">\n\t\t\t\t\t<h3 class=\"elementor-heading-title elementor-size-default\">UTOLS\u00d3 PR\u00d3BA<\/h3>\t\t\t\t<\/div>\n\t\t\t\t<\/div>\n\t\t\t\t<div class=\"elementor-element elementor-element-3c2cf25 elementor-widget elementor-widget-text-editor\" data-id=\"3c2cf25\" data-element_type=\"widget\" data-e-type=\"widget\" data-widget_type=\"text-editor.default\">\n\t\t\t\t<div class=\"elementor-widget-container\">\n\t\t\t\t\t\t\t\t\tAz utols\u00f3 pr\u00f3b\u00e1ra az darabok t\u00f6k\u00e9letes form\u00e1ba ker\u00fclnek, \u00e9s a kieg\u00e9sz\u00edt\u0151knek k\u00f6sz\u00f6nhet\u0151en \u00e9letre kelnek. Az \u00f6lt\u00f6ny igazi \u00e9lete most kezd\u0151dik.\t\t\t\t\t\t\t\t<\/div>\n\t\t\t\t<\/div>\n\t\t\t\t<\/div>\n\t\t\t\t<\/div>\n\t\t<div class=\"elementor-element elementor-element-2f9b42f e-flex e-con-boxed e-con e-parent\" data-id=\"2f9b42f\" data-element_type=\"container\" data-e-type=\"container\" data-settings=\"{&quot;background_background&quot;:&quot;classic&quot;}\">\n\t\t\t\t\t<div class=\"e-con-inner\">\n\t\t<div class=\"elementor-element elementor-element-0b56b2c e-flex e-con-boxed e-con e-child\" data-id=\"0b56b2c\" data-element_type=\"container\" data-e-type=\"container\">\n\t\t\t\t\t<div class=\"e-con-inner\">\n\t\t<div class=\"elementor-element elementor-element-7adce98 e-flex e-con-boxed e-con e-child\" data-id=\"7adce98\" data-element_type=\"container\" data-e-type=\"container\">\n\t\t\t\t\t<div class=\"e-con-inner\">\n\t\t\t\t<div class=\"elementor-element elementor-element-056da5a elementor-widget elementor-widget-heading\" data-id=\"056da5a\" data-element_type=\"widget\" data-e-type=\"widget\" data-widget_type=\"heading.default\">\n\t\t\t\t<div class=\"elementor-widget-container\">\n\t\t\t\t\t<h2 class=\"elementor-heading-title elementor-size-default\">Anyagok \u00e9s sz\u00f6vetek<\/h2>\t\t\t\t<\/div>\n\t\t\t\t<\/div>\n\t\t\t\t<div class=\"elementor-element elementor-element-ff1cb97 elementor-widget-divider--view-line elementor-widget elementor-widget-divider\" data-id=\"ff1cb97\" data-element_type=\"widget\" data-e-type=\"widget\" data-widget_type=\"divider.default\">\n\t\t\t\t<div class=\"elementor-widget-container\">\n\t\t\t\t\t\t\t<div class=\"elementor-divider\">\n\t\t\t<span class=\"elementor-divider-separator\">\n\t\t\t\t\t\t<\/span>\n\t\t<\/div>\n\t\t\t\t\t\t<\/div>\n\t\t\t\t<\/div>\n\t\t\t\t<div class=\"elementor-element elementor-element-de7b4f7 elementor-widget__width-initial elementor-widget elementor-widget-text-editor\" data-id=\"de7b4f7\" data-element_type=\"widget\" data-e-type=\"widget\" data-widget_type=\"text-editor.default\">\n\t\t\t\t<div class=\"elementor-widget-container\">\n\t\t\t\t\t\t\t\t\tA kiv\u00e1l\u00f3 min\u0151s\u00e9g\u0171 alapanyagok haszn\u00e1lata elengedhetetlen az \u00e9rt\u00e9k\u00e1ll\u00f3, egyedi darabok kialak\u00edt\u00e1s\u00e1ban. A Stan Ahuja prec\u00edzen megtervezett \u00f6lt\u00f6nyei ez\u00e9rt kiz\u00e1r\u00f3lag cs\u00facsmin\u0151s\u00e9g\u0171, angol \u00e9s olasz textilek felhaszn\u00e1l\u00e1s\u00e1val k\u00e9sz\u00fclnek. Reperto\u00e1runkban megtal\u00e1lhat\u00f3ak els\u0151 oszt\u00e1ly\u00fa gyapj\u00fa, kasm\u00edr, selyem \u00e9s v\u00e1szonf\u00e9l\u00e9k, melyeket olyan elismert parnerek sz\u00e1ll\u00edtanak, mint az Ermenegildo Zegna, a Dormeuil, a Holland &amp; Sherry, a Loro Piana vagy a Vitale Barberis Canonico. Ingeink 100%-os tisztas\u00e1g\u00fa pamutb\u00f3l k\u00e9sz\u00fclnek, ezekhez a Monti, a Thomas Mason, a Loro Piana \u00e9s Albini legjobbjai k\u00f6z\u00fcl v\u00e1logatunk. Stan Ahuja egyedi, megrendel\u00e9sre k\u00e9sz\u00fcl\u0151 \u00f6lt\u00f6nyei \u00e9s kieg\u00e9sz\u00edt\u0151i minden esetben prec\u00edz szak\u00e9rtelemmel \u00e9s odafigyel\u00e9ssel k\u00e9sz\u00fclnek, melyek \u00edgy eg\u00e9szen a megtervez\u00e9st\u0151l a visel\u00e9sig \u00e9lm\u00e9nyt ny\u00fajtanak.\t\t\t\t\t\t\t\t<\/div>\n\t\t\t\t<\/div>\n\t\t\t\t<div class=\"elementor-element elementor-element-1e20b19 sa-link-v2 elementor-widget elementor-widget-text-editor\" data-id=\"1e20b19\" data-element_type=\"widget\" data-e-type=\"widget\" data-widget_type=\"text-editor.default\">\n\t\t\t\t<div class=\"elementor-widget-container\">\n\t\t\t\t\t\t\t\t\t<a href=\"\/hu\/contact\/\">ID\u0150PONTOT FOGLALOK<\/a>\t\t\t\t\t\t\t\t<\/div>\n\t\t\t\t<\/div>\n\t\t\t\t\t<\/div>\n\t\t\t\t<\/div>\n\t\t<div class=\"elementor-element elementor-element-9a139bb sa-text-decoration e-flex e-con-boxed e-con e-child\" data-id=\"9a139bb\" data-element_type=\"container\" data-e-type=\"container\">\n\t\t\t\t\t<div class=\"e-con-inner\">\n\t\t\t\t<div class=\"elementor-element elementor-element-34313cd elementor-widget elementor-widget-image\" data-id=\"34313cd\" data-element_type=\"widget\" data-e-type=\"widget\" data-widget_type=\"image.default\">\n\t\t\t\t<div class=\"elementor-widget-container\">\n\t\t\t\t\t\t\t\t\t\t\t\t\t\t\t<img alt=\"\" decoding=\"async\" width=\"740\" height=\"480\" src=\"https:\/\/stanahuja.com\/media\/2024\/02\/clothes-fabric-0.inbox740x480.jpg\" class=\"attachment-medium_large size-medium_large wp-image-357\" srcset=\"https:\/\/stanahuja.com\/media\/2024\/02\/clothes-fabric-0.inbox740x480.jpg 740w, https:\/\/stanahuja.com\/media\/2024\/02\/clothes-fabric-0.inbox740x480-600x389.jpg 600w, https:\/\/stanahuja.com\/media\/2024\/02\/clothes-fabric-0.inbox740x480-300x195.jpg 300w\" sizes=\"(max-width: 740px) 100vw, 740px\" \/>\t\t\t\t\t\t\t\t\t\t\t\t\t\t\t<\/div>\n\t\t\t\t<\/div>\n\t\t\t\t<div class=\"elementor-element elementor-element-eddd27f elementor-widget elementor-widget-image\" data-id=\"eddd27f\" data-element_type=\"widget\" data-e-type=\"widget\" data-widget_type=\"image.default\">\n\t\t\t\t<div class=\"elementor-widget-container\">\n\t\t\t\t\t\t\t\t\t\t\t\t\t\t\t<img alt=\"\" loading=\"lazy\" decoding=\"async\" width=\"740\" height=\"740\" src=\"https:\/\/stanahuja.com\/media\/2024\/02\/clothes-fabric-1.inbox740x740.jpg\" class=\"attachment-large size-large wp-image-358\" srcset=\"https:\/\/stanahuja.com\/media\/2024\/02\/clothes-fabric-1.inbox740x740.jpg 740w, https:\/\/stanahuja.com\/media\/2024\/02\/clothes-fabric-1.inbox740x740-300x300.jpg 300w, https:\/\/stanahuja.com\/media\/2024\/02\/clothes-fabric-1.inbox740x740-100x100.jpg 100w, https:\/\/stanahuja.com\/media\/2024\/02\/clothes-fabric-1.inbox740x740-600x600.jpg 600w, https:\/\/stanahuja.com\/media\/2024\/02\/clothes-fabric-1.inbox740x740-150x150.jpg 150w\" sizes=\"(max-width: 740px) 100vw, 740px\" \/>\t\t\t\t\t\t\t\t\t\t\t\t\t\t\t<\/div>\n\t\t\t\t<\/div>\n\t\t\t\t\t<\/div>\n\t\t\t\t<\/div>\n\t\t\t\t\t<\/div>\n\t\t\t\t<\/div>\n\t\t\t\t\t<\/div>\n\t\t\t\t<\/div>\n\t\t\t\t<\/div>","protected":false},"excerpt":{"rendered":"<p>The Experience It is of utmost importance to us that every client has a memorable experience at Stan Ahuja, from beginning to end.SCROLL TO EXPLORE OUR TAILORING EXPERIENCE Once you&#8217;ve scheduled an appointment, you can trust that you\u2019re in capable hands. Your consultation starts with discussing your existing wardrobe, your preferences and your needs. This [&hellip;]<\/p>\n","protected":false},"author":1,"featured_media":0,"parent":0,"menu_order":0,"comment_status":"closed","ping_status":"closed","template":"","meta":{"_seopress_robots_primary_cat":"","_seopress_titles_title":"","_seopress_titles_desc":"","_seopress_robots_index":"","footnotes":""},"class_list":["post-22","page","type-page","status-publish","hentry"],"_links":{"self":[{"href":"https:\/\/stanahuja.com\/hu\/wp-json\/wp\/v2\/pages\/22","targetHints":{"allow":["GET"]}}],"collection":[{"href":"https:\/\/stanahuja.com\/hu\/wp-json\/wp\/v2\/pages"}],"about":[{"href":"https:\/\/stanahuja.com\/hu\/wp-json\/wp\/v2\/types\/page"}],"author":[{"embeddable":true,"href":"https:\/\/stanahuja.com\/hu\/wp-json\/wp\/v2\/users\/1"}],"replies":[{"embeddable":true,"href":"https:\/\/stanahuja.com\/hu\/wp-json\/wp\/v2\/comments?post=22"}],"version-history":[{"count":157,"href":"https:\/\/stanahuja.com\/hu\/wp-json\/wp\/v2\/pages\/22\/revisions"}],"predecessor-version":[{"id":1843,"href":"https:\/\/stanahuja.com\/hu\/wp-json\/wp\/v2\/pages\/22\/revisions\/1843"}],"wp:attachment":[{"href":"https:\/\/stanahuja.com\/hu\/wp-json\/wp\/v2\/media?parent=22"}],"curies":[{"name":"wp","href":"https:\/\/api.w.org\/{rel}","templated":true}]}}