{"id":25,"date":"2024-02-13T10:42:21","date_gmt":"2024-02-13T10:42:21","guid":{"rendered":"https:\/\/stanahuja.tasnadi.group\/?page_id=25"},"modified":"2024-10-31T12:25:48","modified_gmt":"2024-10-31T11:25:48","slug":"piazza-sa","status":"publish","type":"page","link":"https:\/\/stanahuja.com\/hu\/piazza-sa\/","title":{"rendered":"Piazza Sa"},"content":{"rendered":"<div data-elementor-type=\"wp-page\" data-elementor-id=\"25\" class=\"elementor elementor-25\" data-elementor-post-type=\"page\">\n\t\t\t\t<div class=\"elementor-element elementor-element-86beb11 e-flex e-con-boxed e-con e-parent\" data-id=\"86beb11\" data-element_type=\"container\" data-e-type=\"container\" data-settings=\"{&quot;background_background&quot;:&quot;classic&quot;}\">\n\t\t\t\t\t<div class=\"e-con-inner\">\n\t\t<div class=\"elementor-element elementor-element-e6d556c e-flex e-con-boxed e-con e-child\" data-id=\"e6d556c\" data-element_type=\"container\" data-e-type=\"container\">\n\t\t\t\t\t<div class=\"e-con-inner\">\n\t\t\t\t<div class=\"elementor-element elementor-element-116154e elementor-widget elementor-widget-heading\" data-id=\"116154e\" data-element_type=\"widget\" data-e-type=\"widget\" data-widget_type=\"heading.default\">\n\t\t\t\t<div class=\"elementor-widget-container\">\n\t\t\t\t\t<h1 class=\"elementor-heading-title elementor-size-default\">Piazza Stan Ahuja<\/h1>\t\t\t\t<\/div>\n\t\t\t\t<\/div>\n\t\t\t\t<div class=\"elementor-element elementor-element-e32b9da elementor-widget-divider--view-line elementor-widget elementor-widget-divider\" data-id=\"e32b9da\" data-element_type=\"widget\" data-e-type=\"widget\" data-widget_type=\"divider.default\">\n\t\t\t\t<div class=\"elementor-widget-container\">\n\t\t\t\t\t\t\t<div class=\"elementor-divider\">\n\t\t\t<span class=\"elementor-divider-separator\">\n\t\t\t\t\t\t<\/span>\n\t\t<\/div>\n\t\t\t\t\t\t<\/div>\n\t\t\t\t<\/div>\n\t\t\t\t<div class=\"elementor-element elementor-element-983adce sa-exp-text elementor-widget elementor-widget-text-editor\" data-id=\"983adce\" data-element_type=\"widget\" data-e-type=\"widget\" data-widget_type=\"text-editor.default\">\n\t\t\t\t<div class=\"elementor-widget-container\">\n\t\t\t\t\t\t\t\t\tK\u00e9pzeljen el egy ny\u00fczsg\u0151, \u00e9lettel teli kis olasz teret, ahol rengeteg izgalmas emberrel \u00e9s t\u00f6rt\u00e9nettel tal\u00e1lkozhat.\t\t\t\t\t\t\t\t<\/div>\n\t\t\t\t<\/div>\n\t\t\t\t\t<\/div>\n\t\t\t\t<\/div>\n\t\t<div class=\"elementor-element elementor-element-7fd56a8 elementor-hidden-mobile elementor-hidden-tablet e-flex e-con-boxed e-con e-child\" data-id=\"7fd56a8\" data-element_type=\"container\" data-e-type=\"container\">\n\t\t\t\t\t<div class=\"e-con-inner\">\n\t\t\t\t\t<\/div>\n\t\t\t\t<\/div>\n\t\t\t\t\t<\/div>\n\t\t\t\t<\/div>\n\t\t<div class=\"elementor-element elementor-element-16ffb92 e-flex e-con-boxed e-con e-parent\" data-id=\"16ffb92\" data-element_type=\"container\" data-e-type=\"container\" data-settings=\"{&quot;background_background&quot;:&quot;classic&quot;}\">\n\t\t\t\t\t<div class=\"e-con-inner\">\n\t\t<div class=\"elementor-element elementor-element-30e66ff e-flex e-con-boxed e-con e-child\" data-id=\"30e66ff\" data-element_type=\"container\" data-e-type=\"container\">\n\t\t\t\t\t<div class=\"e-con-inner\">\n\t\t\t\t<div class=\"elementor-element elementor-element-4c94b56 elementor-tabs-view-vertical elementor-widget elementor-widget-tabs\" data-id=\"4c94b56\" data-element_type=\"widget\" data-e-type=\"widget\" id=\"h-tabs\" data-widget_type=\"tabs.default\">\n\t\t\t\t<div class=\"elementor-widget-container\">\n\t\t\t\t\t\t\t<div class=\"elementor-tabs\">\n\t\t\t<div class=\"elementor-tabs-wrapper\" role=\"tablist\" >\n\t\t\t\t\t\t\t\t\t<div id=\"elementor-tab-title-8031\" class=\"elementor-tab-title elementor-tab-desktop-title\" aria-selected=\"true\" data-tab=\"1\" role=\"tab\" tabindex=\"0\" aria-controls=\"elementor-tab-content-8031\" aria-expanded=\"false\">Our favourite Budapest Bars<\/div>\n\t\t\t\t\t\t\t\t\t<div id=\"elementor-tab-title-8032\" class=\"elementor-tab-title elementor-tab-desktop-title\" aria-selected=\"false\" data-tab=\"2\" role=\"tab\" tabindex=\"-1\" aria-controls=\"elementor-tab-content-8032\" aria-expanded=\"false\">MI IS AZ A SPREZZATURA?<\/div>\n\t\t\t\t\t\t\t<\/div>\n\t\t\t<div class=\"elementor-tabs-content-wrapper\" role=\"tablist\" aria-orientation=\"vertical\">\n\t\t\t\t\t\t\t\t\t<div class=\"elementor-tab-title elementor-tab-mobile-title\" aria-selected=\"true\" data-tab=\"1\" role=\"tab\" tabindex=\"0\" aria-controls=\"elementor-tab-content-8031\" aria-expanded=\"false\">Our favourite Budapest Bars<\/div>\n\t\t\t\t\t<div id=\"elementor-tab-content-8031\" class=\"elementor-tab-content elementor-clearfix\" data-tab=\"1\" role=\"tabpanel\" aria-labelledby=\"elementor-tab-title-8031\" tabindex=\"0\" hidden=\"false\"><h3 class=\"pia-focim\">A LEGJOBB B\u00c1ROK BUDAPESTEN<\/h3><p class=\"pia-text\">A hazai b\u00e1rkult\u00fara \u00e9s gasztron\u00f3mia soha nem volt ennyire sz\u00ednes \u00e9s mag\u00e1val ragad\u00f3, mint ma, hiszen szinte l\u00e9pten nyomon izgalmasabbn\u00e1l izgalmasabb kreat\u00edv \u201cm\u0171helyekbe\u201d bukkanhatunk. Legyen sz\u00f3 egy eldugott kis utc\u00e1ban megb\u00faj\u00f3 s\u00f6t\u00e9t, b\u00e1rsonyos hangulat\u00fa butikb\u00e1rr\u00f3l, ak\u00e1r csod\u00e1latos l\u00e1tk\u00e9pet biztos\u00edt\u00f3 tet\u0151teraszr\u00f3l, vagy a f\u00e9ny\u0171z\u0151 miszt\u00e9riummal \u00f6vezett hotelek pultjair\u00f3l. De hol vannak azok a budapesti b\u00e1rok, amik az eleganci\u00e1t, st\u00edlust \u00e9s min\u0151s\u00e9get egyar\u00e1nt k\u00edn\u00e1lj\u00e1k? Hol rejt\u0151zk\u00f6dnek a leg\u00fcgyesebb szakemberek, akik olyan Daiquirit, Cosmopolitant vagy Margaritat kevernek, ami nemcsak az \u00edzvil\u00e1g\u00e1ban p\u00e1ratlan, hanem hangulatunknak megfelel\u0151 f\u0171szerez\u00e9st kapnak?<\/p><p class=\"pia-cim\"><strong>1. Boutiq\u2019Bar<\/strong><\/p><p class=\"pia-text\">A Boutiq\u2019Bar m\u00e1ra igazi fogalomm\u00e1 v\u00e1lt a kokt\u00e9lrajong\u00f3k sz\u00e1m\u00e1ra. Professzionalizmusukat pedig nemcsak a hazai hozz\u00e1\u00e9rt\u0151k, hanem nemzetk\u00f6zi k\u00f6z\u00f6ns\u00e9g is t\u00f6bb \u00edzben \u00e9ltette. Nem v\u00e9letlen teh\u00e1t, hogy a Nagy Zolt\u00e1n vezette Boutiq\u2019 Bart a szakma Bibli\u00e1j\u00e1nak h\u00edvott londoni szaklap, a Drinks International 2012-ben a vil\u00e1g 50 legjobb b\u00e1rja k\u00f6z\u00e9. A gourmet \u00e9lm\u00e9nyeket k\u00edn\u00e1l\u00f3 b\u00e1r szezon\u00e1lis alapanyagokb\u00f3l \u00e1ll\u00f3 itallapja, valamint nemzetk\u00f6zi versenyeken is sikeres szak\u00e9rt\u0151i st\u00e1bja is messze az egyik legjobb szolg\u00e1ltat\u00e1st ny\u00fajtja a bet\u00e9ved\u0151 \u00e9s visszaj\u00e1r\u00f3 vend\u00e9geknek. Csak friss z\u00f6lds\u00e9gekb\u0151l, gy\u00fcm\u00f6lcs\u00f6kb\u0151l \u00e9s p\u00fcr\u00e9kb\u0151l k\u00e9sz\u00edtett italokat k\u00f3stolhatunk, a pultokon pedig mintegy 300 p\u00e1rlat ny\u00fajt igazi gasztron\u00f3miai csod\u00e1t.<\/p><p class=\"pia-cim\"><strong>2. Black Swan<\/strong><\/p><p class=\"pia-text\">A Klauz\u00e1l utca sark\u00e1n tal\u00e1lhat\u00f3 Budapest egyik legsikkesebb b\u00e1rja. A b\u00e1rsonyf\u00fcgg\u00f6ny\u00f6k m\u00f6g\u00f6tt eleganci\u00e1s enteri\u0151r megold\u00e1sok, valamint mag\u00e1val ragad\u00f3, misztikus hangulat fogad minket. A Black Swan-ban pedig nincs lehetetlen. A t\u00f6bb, mint 30 f\u00e9le - igen ritka - tequila k\u00edn\u00e1lat mellett olyan el\u0151\u00e9teleket k\u00f3stolhatunk, mint az osztriga vagy b\u00e1r\u00e1nyborda. A Hermitage kokt\u00e9ljuknak garant\u00e1ltan nincs p\u00e1rja a v\u00e1rosban!<\/p><p class=\"pia-cim\"><strong>3. BarSide<\/strong><\/p><p class=\"pia-text\">Egy igazi gy\u00f6ngyszem underground k\u00f6rnyezetben. A Mad\u00e1ch t\u00e9r, mint a f\u0151v\u00e1ros kreat\u00edv er\u0151inek tal\u00e1lkoz\u00f3pontjak\u00e9nt funkcion\u00e1l m\u00e9r \u00e9vek \u00f3ta. Ebbe a milli\u00f3ba szor\u00edtott mag\u00e1nak egy kis helyet a BarSide, ami nem mondhat\u00f3 egy \u00e1tlagos kokt\u00e9lb\u00e1rnak. \u00dct\u0151s Old Fashioned \u00e9s f\u0171szeres Mai Tai italok mellett szakmai kell\u00e9keket \u00e9s egyedi k\u00f6t\u00e9nyeket is lehet v\u00e1s\u00e1rolni az \u00fczletben.<\/p><p class=\"pia-cim\"><strong>4. Blue Fox<\/strong><\/p><p class=\"pia-text\">A Blue Fox \u00faj korszakot nyitott az \u00e9l\u00e9re vasalt nadr\u00e1gban feszeng\u0151, hotelek b\u00e1rpultj\u00e1n\u00e1l \u00fcld\u00f6g\u00e9l\u0151 \u00fariemberek \u00e9s h\u00f6lgyek \u00e9let\u00e9ben. \u00c9s \u00fagy amblokk a hotelek b\u00e1rjainak \u00e9let\u00e9ben. A luxus sz\u00e1lloda vend\u00e9gl\u00e1t\u00f3 hely\u00e9t nemcsak a megsz\u00e1llt vend\u00e9gek, hanem mindenki sz\u00e1m\u00e1ra nyitva \u00e1ll, mindez persze kor\u00e1ntsem ront a min\u0151s\u00e9gi \u00e9lm\u00e9nyen. Aprop\u00f3 min\u0151s\u00e9g. A Blue Fox az egyik legprovokat\u00edvabb mixel\u00e9st tudja felmutatni \u00e9s olyan - szinte kezdetekt\u0151l - sikerkedvenceket szerv\u00edroznak, mint Negroni, vagy a Moscow Mule. A Kempinski Hotel b\u00e1rja pedig nemcsak az \u00edzeket - hiszen olyan alapanyagokb\u00f3l dolgoznak, amiket beszerezni tal\u00e1n k\u00e9ptelens\u00e9g - , de a l\u00e1tv\u00e1nyt is magas fokozaton p\u00f6rgeti: egyik kedvenc kokt\u00e9lunkat, az Obliviont p\u00e9ld\u00e1ul saj\u00e1t, k\u00e9zzel k\u00e9sz\u00edtett cukor\u00fcvegb\u0151l fogyaszthatjuk el egy laza szombat este!<\/p><p class=\"pia-cim\"><strong>5. WarmUp<\/strong><\/p><p class=\"pia-text\">A WarmUp garant\u00e1ltan \u00faj ajt\u00f3kat nyit nek\u00fcnk a kokt\u00e9lok vil\u00e1g\u00e1ban. Ez az a hely, ahol itallap nincs, ellenben n\u00e9h\u00e1ny fog\u00f3s k\u00e9rd\u00e9s ut\u00e1n szem\u00e9lyre szabott italokat k\u00f3stolhatunk meg a legprofibbakt\u00f3l. A min\u0151s\u00e9gi \u00e9s kuri\u00f3zumnak sz\u00e1m\u00edtott alapanyagokb\u00f3l mixelt friss\u00edt\u0151ket olyan kreat\u00edv headek k\u00e9sz\u00edtik, akik egy egyszer\u0171 b\u00fazavir\u00e1gb\u00f3l is \u00faj \u00edzekkel ismertetnek meg benn\u00fcnket. A Nagy Di\u00f3fa utc\u00e1ban megb\u00faj\u00f3 kis helyen nemcsak jobbn\u00e1l jobb alkot\u00e1sokat k\u00f3stolhatunk meg, de ak\u00e1r v\u00e9gig is k\u00eds\u00e9rhetj\u00fck a folyamatot, ami egy plusz fufactet is ad a vend\u00e9geknek.<\/p><\/div>\n\t\t\t\t\t\t\t\t\t<div class=\"elementor-tab-title elementor-tab-mobile-title\" aria-selected=\"false\" data-tab=\"2\" role=\"tab\" tabindex=\"-1\" aria-controls=\"elementor-tab-content-8032\" aria-expanded=\"false\">MI IS AZ A SPREZZATURA?<\/div>\n\t\t\t\t\t<div id=\"elementor-tab-content-8032\" class=\"elementor-tab-content elementor-clearfix\" data-tab=\"2\" role=\"tabpanel\" aria-labelledby=\"elementor-tab-title-8032\" tabindex=\"0\" hidden=\"hidden\"><div class=\"row\"><div class=\"col-12 col-md-8\"><div id=\"v-pills-tabContent\" class=\"tab-content\"><div id=\"v-pills-profile\" class=\"tab-pane fade active show\" role=\"tabpanel\" aria-labelledby=\"v-pills-profile-tab\"><h3 class=\"pia-focim\">SPREZZATURA - A TUDATOS HANYAGS\u00c1G<\/h3><p class=\"pia-text\">A Sprezzatura els\u0151 hangz\u00e1sra egy nagyon mai, nagyon friss trendnek t\u0171nik minden laikus sz\u00e1m\u00e1ra. Azonban a kifejez\u00e9st m\u00e1r az 1500-as \u00e9vekben egy olasz renesz\u00e1nsz \u00edr\u00f3, Baldassare Castiglione is sz\u00edvesen haszn\u00e1lta, melyet \u00fagy \u00edrt le, mint \"Egyfajta nonchalance, amelynek c\u00e9lja elt\u00fcntetni a sz\u00e1nd\u00e9koss\u00e1got, hogy minden, amit egy ember tesz vagy mond olyannak t\u0171nj\u00f6n, ami er\u0151lk\u00f6d\u00e9s n\u00e9lk\u00fclinek \u00e9s spont\u00e1nnak hat\".<\/p><p class=\"pia-text\">\u00c9rdekes, hiszen ez a k\u00f6nnyed hanyags\u00e1g els\u0151 r\u00e1n\u00e9z\u00e9sre pont nem e korra volt jellemz\u0151, \u00e1m ebb\u0151l is l\u00e1tszik, hogy v\u00e9tek lenne a Sprezzaura kifejez\u00e9st csak \u00e9s kiz\u00e1r\u00f3lag egy st\u00edlusra r\u00e1h\u00fazni, hiszen ez egy \u00e9letform\u00e1t, magatart\u00e1st is k\u00e9pvisel, azt a j\u00e1tszik k\u00f6nnyeds\u00e9get, ami az elegancia cs\u00facs\u00e1n bontakozik ki, m\u00e9gis az er\u0151lk\u00f6d\u00e9st messze elker\u00fcli. Aff\u00e9le mesters\u00e9ges term\u00e9szetess\u00e9g, amit a streetstyle mesteri a legnagyobb fokozaton \u0171znek.<\/p><p class=\"pia-text\">A sz\u00f3b\u00f3l egyszer\u0171 r\u00e1j\u00f6nn\u00fcnk, hogy az olaszok egyik kedvenc j\u00e1t\u00e9ka \u00e9s kifejez\u0151 eszk\u00f6ze. A lazas\u00e1got, a tudatos hanyags\u00e1got jel\u00f6li, ami tulajdonk\u00e9ppen azt jelenti, hogy hogyan tudunk viselni - kv\u00e1zi sz\u00edn\u00e9ben \u00e9s st\u00edlus\u00e1ban is - neh\u00e9z darabokat an\u00e9lk\u00fcl, hogy az er\u0151ltetett \u00e9s \u00edzl\u00e9stelen lenne. Mivel a hanyags\u00e1g mint olyan pont a st\u00edlusok vegy\u00edt\u00e9s\u00e9b\u0151l adja a kerek eg\u00e9szet bizonyos ir\u00e1nyzatokn\u00e1l, a sprezzatura a kifinomults\u00e1gban \u00e9s az uniformit\u00e1sban lelhet\u0151 fel.<\/p><p class=\"pia-text\">Fontos a m\u00e9rt\u00e9k \u00e9s az aranyk\u00f6z\u00e9p\u00fat megtal\u00e1l\u00e1sa. \u00cdgy p\u00e9ld\u00e1ul egy bespoke \u00f6lt\u00f6ny t\u00farabakanccsal nem j\u00f3 v\u00e1laszt\u00e1s (csak hogy a v\u00e9gletekig menj\u00fcnk), azonban egy laz\u00e1n hordott \u00f6v, vagy nyakkend\u0151 m\u00e1r ink\u00e1bb a k\u00f6nnyed elegancia egyik klasszikus eleme. Egy pont j\u00f3l kigombolt ing, egy sz\u00ednes \u00f6lt\u00f6ny, vagy egy min\u0151s\u00e9gi ingp\u00f3l\u00f3 m\u00e9retre szabott \u00f6lt\u00f6nnyel is teli tal\u00e1lat lehet. Ugyan nincs ennek az \u00e9letst\u00edlusnak bevett, univerz\u00e1lis szab\u00e1lyrendszere, m\u00e9gis n\u00e9h\u00e1ny dolgot nem \u00e1rt \u00e9szben tartani azoknak, akik sz\u00edvesen kipr\u00f3b\u00e1ln\u00e1k, vagy keresik az utat ehhez a megjelen\u00e9si \u00e9s viselked\u00e9s m\u00f3dhoz.<\/p><p class=\"pia-lista mt-5\">1. Legyen felt\u0171n\u0151, de ne kir\u00edv\u00f3<\/p><p class=\"pia-lista\">2. Fontos, hogy a sprezzatura-nak megvan a maga helye \u00e9s ideje<\/p><p class=\"pia-lista\">3. Nem keveri a st\u00edlusokat, hiszen az egyszer\u0171 n\u00e9ha t\u00f6bb<\/p><p class=\"pia-lista mb-5\">4. Csak magabiztoss\u00e1ggal lehet hordani<\/p><p class=\"pia-text\">\u00cdgy, ha m\u00e1r megvannak az alapdarabok, mint egy min\u0151s\u00e9gi \u00f6lt\u00f6ny, ingek \u00e9s b\u0151rcip\u0151k, konkr\u00e9tan minden adott lehet ahhoz, hogy k\u00eds\u00e9rletezz\u00fcnk ezzel az igaz\u00e1n modern klasszicista, \u00e1m szab\u00e1lyokat nem k\u00f6vet\u0151 ir\u00e1nyzattal. A l\u00e9nyeg a m\u00e9rt\u00e9k \u00e9s a st\u00edlus ir\u00e1nti tisztelet, ami, ha adott akkor a lazas\u00e1g \u00e9s hanyags\u00e1g m\u00e9rt\u00e9k\u00e9ben kell megtal\u00e1lni a hozz\u00e1nk passzol\u00f3 utat.<\/p><\/div><\/div><\/div><\/div><div class=\"row\"><div class=\"col-12 text-center\">\u00a0<\/div><\/div><\/div>\n\t\t\t\t\t\t\t<\/div>\n\t\t<\/div>\n\t\t\t\t\t\t<\/div>\n\t\t\t\t<\/div>\n\t\t\t\t\t<\/div>\n\t\t\t\t<\/div>\n\t\t\t\t<div class=\"elementor-element elementor-element-c5f8288 elementor-widget elementor-widget-heading\" data-id=\"c5f8288\" data-element_type=\"widget\" data-e-type=\"widget\" data-widget_type=\"heading.default\">\n\t\t\t\t<div class=\"elementor-widget-container\">\n\t\t\t\t\t<h2 class=\"elementor-heading-title elementor-size-default\">Inspiration gallery<\/h2>\t\t\t\t<\/div>\n\t\t\t\t<\/div>\n\t\t\t\t<div class=\"elementor-element elementor-element-ecd28bf elementor-widget-divider--view-line elementor-widget elementor-widget-divider\" data-id=\"ecd28bf\" data-element_type=\"widget\" data-e-type=\"widget\" data-widget_type=\"divider.default\">\n\t\t\t\t<div class=\"elementor-widget-container\">\n\t\t\t\t\t\t\t<div class=\"elementor-divider\">\n\t\t\t<span class=\"elementor-divider-separator\">\n\t\t\t\t\t\t<\/span>\n\t\t<\/div>\n\t\t\t\t\t\t<\/div>\n\t\t\t\t<\/div>\n\t\t\t\t<div class=\"elementor-element elementor-element-701d626 elementor-align-center elementor-widget elementor-widget-button\" data-id=\"701d626\" data-element_type=\"widget\" data-e-type=\"widget\" data-widget_type=\"button.default\">\n\t\t\t\t<div class=\"elementor-widget-container\">\n\t\t\t\t\t\t\t\t\t<div class=\"elementor-button-wrapper\">\n\t\t\t\t\t<a class=\"elementor-button elementor-button-link elementor-size-sm\" href=\"https:\/\/www.instagram.com\/stanahuja\/\">\n\t\t\t\t\t\t<span class=\"elementor-button-content-wrapper\">\n\t\t\t\t\t\t\t\t\t<span class=\"elementor-button-text\">B\u0151vebben<\/span>\n\t\t\t\t\t<\/span>\n\t\t\t\t\t<\/a>\n\t\t\t\t<\/div>\n\t\t\t\t\t\t\t\t<\/div>\n\t\t\t\t<\/div>\n\t\t\t\t\t<\/div>\n\t\t\t\t<\/div>\n\t\t\t\t<\/div>","protected":false},"excerpt":{"rendered":"<p>Piazza Stan Ahuja Picture a small, intimate Italian square where you can meet like-minded people. Take inspiration from meaningful conversations, stunning outfits, and more. Our favourite Budapest Bars What is Sprezzatura? Our favourite Budapest Bars OUR FAVOURITE BUDAPEST BARS Budapest\u2019s gastronomy and nightlife scene has never been as exciting and colourful as it is today. [&hellip;]<\/p>\n","protected":false},"author":1,"featured_media":0,"parent":0,"menu_order":0,"comment_status":"closed","ping_status":"closed","template":"","meta":{"_seopress_robots_primary_cat":"","_seopress_titles_title":"","_seopress_titles_desc":"","_seopress_robots_index":"","footnotes":""},"class_list":["post-25","page","type-page","status-publish","hentry"],"_links":{"self":[{"href":"https:\/\/stanahuja.com\/hu\/wp-json\/wp\/v2\/pages\/25","targetHints":{"allow":["GET"]}}],"collection":[{"href":"https:\/\/stanahuja.com\/hu\/wp-json\/wp\/v2\/pages"}],"about":[{"href":"https:\/\/stanahuja.com\/hu\/wp-json\/wp\/v2\/types\/page"}],"author":[{"embeddable":true,"href":"https:\/\/stanahuja.com\/hu\/wp-json\/wp\/v2\/users\/1"}],"replies":[{"embeddable":true,"href":"https:\/\/stanahuja.com\/hu\/wp-json\/wp\/v2\/comments?post=25"}],"version-history":[{"count":67,"href":"https:\/\/stanahuja.com\/hu\/wp-json\/wp\/v2\/pages\/25\/revisions"}],"predecessor-version":[{"id":1849,"href":"https:\/\/stanahuja.com\/hu\/wp-json\/wp\/v2\/pages\/25\/revisions\/1849"}],"wp:attachment":[{"href":"https:\/\/stanahuja.com\/hu\/wp-json\/wp\/v2\/media?parent=25"}],"curies":[{"name":"wp","href":"https:\/\/api.w.org\/{rel}","templated":true}]}}